{"id":76079,"date":"2020-08-10T17:02:23","date_gmt":"2020-08-11T00:02:23","guid":{"rendered":"https:\/\/blog.bluebeam.com\/uk\/?page_id=76079"},"modified":"2023-08-14T20:52:54","modified_gmt":"2023-08-14T18:52:54","slug":"about","status":"publish","type":"page","link":"https:\/\/blog.bluebeam.com\/de\/about\/","title":{"rendered":"About"},"content":{"rendered":"\t\t<div data-elementor-type=\"wp-page\" data-elementor-id=\"76079\" class=\"elementor elementor-76079\" data-elementor-post-type=\"page\">\n\t\t\t\t\t\t<section class=\"elementor-section elementor-top-section elementor-element elementor-element-6ecdfd6 elementor-section-stretched elementor-section-height-min-height elementor-section-full_width elementor-section-height-default elementor-section-items-middle\" data-id=\"6ecdfd6\" data-element_type=\"section\" data-e-type=\"section\" data-settings=\"{&quot;stretch_section&quot;:&quot;section-stretched&quot;,&quot;background_background&quot;:&quot;classic&quot;}\">\n\t\t\t\t\t\t\t<div class=\"elementor-background-overlay\"><\/div>\n\t\t\t\t\t\t\t<div class=\"elementor-container elementor-column-gap-default\">\n\t\t\t\t\t<div class=\"elementor-column elementor-col-100 elementor-top-column elementor-element elementor-element-78baa5e\" data-id=\"78baa5e\" data-element_type=\"column\" data-e-type=\"column\">\n\t\t\t<div class=\"elementor-widget-wrap elementor-element-populated\">\n\t\t\t\t\t\t<div class=\"elementor-element elementor-element-de18c47 elementor-widget elementor-widget-heading\" data-id=\"de18c47\" data-element_type=\"widget\" data-e-type=\"widget\" data-widget_type=\"heading.default\">\n\t\t\t\t<div class=\"elementor-widget-container\">\n\t\t\t\t\t<h1 class=\"elementor-heading-title elementor-size-default\">\u00dcber Built<\/h1>\t\t\t\t<\/div>\n\t\t\t\t<\/div>\n\t\t\t\t<div class=\"elementor-element elementor-element-9ef8528 elementor-widget elementor-widget-heading\" data-id=\"9ef8528\" data-element_type=\"widget\" data-e-type=\"widget\" data-widget_type=\"heading.default\">\n\t\t\t\t<div class=\"elementor-widget-container\">\n\t\t\t\t\t<h3 class=\"elementor-heading-title elementor-size-default\">Der Bluebeam\u00a0Blog<\/h3>\t\t\t\t<\/div>\n\t\t\t\t<\/div>\n\t\t\t\t\t<\/div>\n\t\t<\/div>\n\t\t\t\t\t<\/div>\n\t\t<\/section>\n\t\t\t\t<section class=\"elementor-section elementor-top-section elementor-element elementor-element-1dcfa72 elementor-section-boxed elementor-section-height-default elementor-section-height-default\" data-id=\"1dcfa72\" data-element_type=\"section\" data-e-type=\"section\">\n\t\t\t\t\t\t<div class=\"elementor-container elementor-column-gap-default\">\n\t\t\t\t\t<div class=\"elementor-column elementor-col-33 elementor-top-column elementor-element elementor-element-6b8e86c elementor-hidden-tablet elementor-hidden-phone\" data-id=\"6b8e86c\" data-element_type=\"column\" data-e-type=\"column\">\n\t\t\t<div class=\"elementor-widget-wrap\">\n\t\t\t\t\t\t\t<\/div>\n\t\t<\/div>\n\t\t\t\t<div class=\"elementor-column elementor-col-33 elementor-top-column elementor-element elementor-element-324aa68\" data-id=\"324aa68\" data-element_type=\"column\" data-e-type=\"column\">\n\t\t\t<div class=\"elementor-widget-wrap elementor-element-populated\">\n\t\t\t\t\t\t<div class=\"elementor-element elementor-element-18c801c elementor-widget elementor-widget-text-editor\" data-id=\"18c801c\" data-element_type=\"widget\" data-e-type=\"widget\" data-widget_type=\"text-editor.default\">\n\t\t\t\t<div class=\"elementor-widget-container\">\n\t\t\t\t\t\t\t\t\t<p class=\"merriweather\">Built, der Bluebeam&nbsp;Blog, ist ein f\u00fchrender Blog f\u00fcr Architekten, Ingenieure und Fachkr\u00e4fte aus dem Baugewerbe, die nach Inspiration und einer Community suchen. Dieser Blog wird von Branchenspezialisten betreut und einem Teams aus Redakteuren, Filmemachern, Designern und freiberuflichen Journalisten gestaltet. Ziel und Zweck von Built ist es, bemerkenswerte Personen, wegweisende Prozesse und aufkommende Innovationen in den Fokus zu r\u00fccken, die die Zukunft der Branche pr\u00e4gen werden.<\/p>\n<p class=\"merriweather\">Built wird vom Redaktionsteam von Bluebeam geleitet. Das Unternehmen selbst hat seinen Sitz in Pasadena (Kalifornien) und entwickelt L\u00f6sungen f\u00fcr Projekteffizienz und Zusammenarbeit in der Bauindustrie.<\/p>\t\t\t\t\t\t\t\t<\/div>\n\t\t\t\t<\/div>\n\t\t\t\t\t<\/div>\n\t\t<\/div>\n\t\t\t\t<div class=\"elementor-column elementor-col-33 elementor-top-column elementor-element elementor-element-95ef96d\" data-id=\"95ef96d\" data-element_type=\"column\" data-e-type=\"column\">\n\t\t\t<div class=\"elementor-widget-wrap\">\n\t\t\t\t\t\t\t<\/div>\n\t\t<\/div>\n\t\t\t\t\t<\/div>\n\t\t<\/section>\n\t\t\t\t<section class=\"elementor-section elementor-top-section elementor-element elementor-element-a906c55 elementor-section-stretched elementor-section-height-min-height elementor-section-items-stretch elementor-section-boxed elementor-section-height-default\" data-id=\"a906c55\" data-element_type=\"section\" data-e-type=\"section\" data-settings=\"{&quot;stretch_section&quot;:&quot;section-stretched&quot;,&quot;background_background&quot;:&quot;gradient&quot;}\">\n\t\t\t\t\t\t<div class=\"elementor-container elementor-column-gap-default\">\n\t\t\t\t\t<div class=\"elementor-column elementor-col-100 elementor-top-column elementor-element elementor-element-578637b\" data-id=\"578637b\" data-element_type=\"column\" data-e-type=\"column\">\n\t\t\t<div class=\"elementor-widget-wrap elementor-element-populated\">\n\t\t\t\t\t\t<div class=\"elementor-element elementor-element-d3cc0ea elementor-widget elementor-widget-heading\" data-id=\"d3cc0ea\" data-element_type=\"widget\" data-e-type=\"widget\" data-widget_type=\"heading.default\">\n\t\t\t\t<div class=\"elementor-widget-container\">\n\t\t\t\t\t<h2 class=\"elementor-heading-title elementor-size-default\">Bluebeam\u00a0Insider abonnieren<\/h2>\t\t\t\t<\/div>\n\t\t\t\t<\/div>\n\t\t\t\t<div class=\"elementor-element elementor-element-987e462 elementor-widget elementor-widget-text-editor\" data-id=\"987e462\" data-element_type=\"widget\" data-e-type=\"widget\" data-widget_type=\"text-editor.default\">\n\t\t\t\t<div class=\"elementor-widget-container\">\n\t\t\t\t\t\t\t\t\t<p style=\"text-align: center\">Erhalten Sie den monatlichen Newsletter Bluebeam\u00a0 Insider mit Bloginhalten sowie Produktupdates, Anwendungstipps, Webinaren und mehr.<\/p>\t\t\t\t\t\t\t\t<\/div>\n\t\t\t\t<\/div>\n\t\t\t\t<section class=\"elementor-section elementor-inner-section elementor-element elementor-element-a20439d elementor-section-boxed elementor-section-height-default elementor-section-height-default\" data-id=\"a20439d\" data-element_type=\"section\" data-e-type=\"section\">\n\t\t\t\t\t\t<div class=\"elementor-container elementor-column-gap-default\">\n\t\t\t\t\t<div class=\"elementor-column elementor-col-100 elementor-inner-column elementor-element elementor-element-7dd6828\" data-id=\"7dd6828\" data-element_type=\"column\" data-e-type=\"column\">\n\t\t\t<div class=\"elementor-widget-wrap elementor-element-populated\">\n\t\t\t\t\t\t<div class=\"elementor-element elementor-element-85f7dab elementor-widget elementor-widget-html\" data-id=\"85f7dab\" data-element_type=\"widget\" data-e-type=\"widget\" data-widget_type=\"html.default\">\n\t\t\t\t<div class=\"elementor-widget-container\">\n\t\t\t\t\t<iframe style=\"border: 0; height: 370px;\" src=\"https:\/\/go.bluebeam.com\/l\/514001\/2023-04-13\/gfkhsj\" width=\"100%\" height=\"370\" frameborder=\"0\"><\/iframe>\t\t\t\t<\/div>\n\t\t\t\t<\/div>\n\t\t\t\t\t<\/div>\n\t\t<\/div>\n\t\t\t\t\t<\/div>\n\t\t<\/section>\n\t\t\t\t\t<\/div>\n\t\t<\/div>\n\t\t\t\t\t<\/div>\n\t\t<\/section>\n\t\t\t\t<\/div>\n\t\t","protected":false},"excerpt":{"rendered":"<p>\u00dcber Built Der Bluebeam\u00a0Blog Built, der Bluebeam&nbsp;Blog, ist ein f\u00fchrender Blog f\u00fcr Architekten, Ingenieure und Fachkr\u00e4fte aus dem Baugewerbe, die nach Inspiration und einer Community suchen. Dieser Blog wird von Branchenspezialisten betreut und einem Teams aus Redakteuren, Filmemachern, Designern und freiberuflichen Journalisten gestaltet. Ziel und Zweck von Built ist es, bemerkenswerte Personen, wegweisende Prozesse und&hellip;<\/p>\n","protected":false},"author":2,"featured_media":75950,"parent":0,"menu_order":-5,"comment_status":"closed","ping_status":"closed","template":"","meta":{"footnotes":""},"class_list":["post-76079","page","type-page","status-publish","has-post-thumbnail","hentry"],"yoast_head":"<!-- This site is optimized with the Yoast SEO plugin v27.3 - https:\/\/yoast.com\/product\/yoast-seo-wordpress\/ -->\n<title>About - Built | DE<\/title>\n<meta name=\"description\" content=\"Built wird vom Redaktionsteam von Bluebeam geleitet. Das Unternehmen selbst hat seinen Sitz in Pasadena (Kalifornien) und entwickelt L\u00f6sungen f\u00fcr Projekteffizienz und Zusammenarbeit in der Bauindustrie.\" \/>\n<meta name=\"robots\" content=\"index, follow, max-snippet:-1, max-image-preview:large, max-video-preview:-1\" \/>\n<link rel=\"canonical\" href=\"https:\/\/blog.bluebeam.com\/de\/about\/\" \/>\n<meta property=\"og:locale\" content=\"de_DE\" \/>\n<meta property=\"og:type\" content=\"article\" \/>\n<meta property=\"og:title\" content=\"About - Built | DE\" \/>\n<meta property=\"og:description\" content=\"Built wird vom Redaktionsteam von Bluebeam geleitet. Das Unternehmen selbst hat seinen Sitz in Pasadena (Kalifornien) und entwickelt L\u00f6sungen f\u00fcr Projekteffizienz und Zusammenarbeit in der Bauindustrie.\" \/>\n<meta property=\"og:url\" content=\"https:\/\/blog.bluebeam.com\/de\/about\/\" \/>\n<meta property=\"og:site_name\" content=\"Built | DE\" \/>\n<meta property=\"article:publisher\" content=\"https:\/\/www.facebook.com\/bluebeamDACH\" \/>\n<meta property=\"article:modified_time\" content=\"2023-08-14T18:52:54+00:00\" \/>\n<meta property=\"og:image\" content=\"https:\/\/blog.bluebeam.com\/de\/wp-content\/uploads\/sites\/6\/2020\/07\/featured-built.jpg\" \/>\n\t<meta property=\"og:image:width\" content=\"1920\" \/>\n\t<meta property=\"og:image:height\" content=\"1080\" \/>\n\t<meta property=\"og:image:type\" content=\"image\/jpeg\" \/>\n<meta name=\"twitter:card\" content=\"summary_large_image\" \/>\n<meta name=\"twitter:site\" content=\"@bluebeam\" \/>\n<meta name=\"twitter:label1\" content=\"Gesch\u00e4tzte Lesezeit\" \/>\n\t<meta name=\"twitter:data1\" content=\"1 Minute\" \/>\n<script type=\"application\/ld+json\" class=\"yoast-schema-graph\">{\"@context\":\"https:\\\/\\\/schema.org\",\"@graph\":[{\"@type\":\"WebPage\",\"@id\":\"https:\\\/\\\/blog.bluebeam.com\\\/de\\\/about\\\/\",\"url\":\"https:\\\/\\\/blog.bluebeam.com\\\/de\\\/about\\\/\",\"name\":\"About - Built | DE\",\"isPartOf\":{\"@id\":\"https:\\\/\\\/blog.bluebeam.com\\\/de\\\/#website\"},\"primaryImageOfPage\":{\"@id\":\"https:\\\/\\\/blog.bluebeam.com\\\/de\\\/about\\\/#primaryimage\"},\"image\":{\"@id\":\"https:\\\/\\\/blog.bluebeam.com\\\/de\\\/about\\\/#primaryimage\"},\"thumbnailUrl\":\"https:\\\/\\\/blog.bluebeam.com\\\/de\\\/wp-content\\\/uploads\\\/sites\\\/6\\\/2020\\\/07\\\/featured-built.jpg\",\"datePublished\":\"2020-08-11T00:02:23+00:00\",\"dateModified\":\"2023-08-14T18:52:54+00:00\",\"description\":\"Built wird vom Redaktionsteam von Bluebeam geleitet. Das Unternehmen selbst hat seinen Sitz in Pasadena (Kalifornien) und entwickelt L\u00f6sungen f\u00fcr Projekteffizienz und Zusammenarbeit in der Bauindustrie.\",\"breadcrumb\":{\"@id\":\"https:\\\/\\\/blog.bluebeam.com\\\/de\\\/about\\\/#breadcrumb\"},\"inLanguage\":\"de-DE\",\"potentialAction\":[{\"@type\":\"ReadAction\",\"target\":[\"https:\\\/\\\/blog.bluebeam.com\\\/de\\\/about\\\/\"]}]},{\"@type\":\"ImageObject\",\"inLanguage\":\"de-DE\",\"@id\":\"https:\\\/\\\/blog.bluebeam.com\\\/de\\\/about\\\/#primaryimage\",\"url\":\"https:\\\/\\\/blog.bluebeam.com\\\/de\\\/wp-content\\\/uploads\\\/sites\\\/6\\\/2020\\\/07\\\/featured-built.jpg\",\"contentUrl\":\"https:\\\/\\\/blog.bluebeam.com\\\/de\\\/wp-content\\\/uploads\\\/sites\\\/6\\\/2020\\\/07\\\/featured-built.jpg\",\"width\":1920,\"height\":1080},{\"@type\":\"BreadcrumbList\",\"@id\":\"https:\\\/\\\/blog.bluebeam.com\\\/de\\\/about\\\/#breadcrumb\",\"itemListElement\":[{\"@type\":\"ListItem\",\"position\":1,\"name\":\"Home\",\"item\":\"https:\\\/\\\/blog.bluebeam.com\\\/de\\\/\"},{\"@type\":\"ListItem\",\"position\":2,\"name\":\"About\"}]},{\"@type\":\"WebSite\",\"@id\":\"https:\\\/\\\/blog.bluebeam.com\\\/de\\\/#website\",\"url\":\"https:\\\/\\\/blog.bluebeam.com\\\/de\\\/\",\"name\":\"Built | DE\",\"description\":\"The Bluebeam Blog\",\"publisher\":{\"@id\":\"https:\\\/\\\/blog.bluebeam.com\\\/de\\\/#organization\"},\"potentialAction\":[{\"@type\":\"SearchAction\",\"target\":{\"@type\":\"EntryPoint\",\"urlTemplate\":\"https:\\\/\\\/blog.bluebeam.com\\\/de\\\/?s={search_term_string}\"},\"query-input\":{\"@type\":\"PropertyValueSpecification\",\"valueRequired\":true,\"valueName\":\"search_term_string\"}}],\"inLanguage\":\"de-DE\"},{\"@type\":\"Organization\",\"@id\":\"https:\\\/\\\/blog.bluebeam.com\\\/de\\\/#organization\",\"name\":\"Bluebeam Inc.\",\"url\":\"https:\\\/\\\/blog.bluebeam.com\\\/de\\\/\",\"logo\":{\"@type\":\"ImageObject\",\"inLanguage\":\"de-DE\",\"@id\":\"https:\\\/\\\/blog.bluebeam.com\\\/de\\\/#\\\/schema\\\/logo\\\/image\\\/\",\"url\":\"https:\\\/\\\/blog.bluebeam.com\\\/de\\\/wp-content\\\/uploads\\\/sites\\\/6\\\/2020\\\/05\\\/bluebeam.png\",\"contentUrl\":\"https:\\\/\\\/blog.bluebeam.com\\\/de\\\/wp-content\\\/uploads\\\/sites\\\/6\\\/2020\\\/05\\\/bluebeam.png\",\"width\":840,\"height\":630,\"caption\":\"Bluebeam Inc.\"},\"image\":{\"@id\":\"https:\\\/\\\/blog.bluebeam.com\\\/de\\\/#\\\/schema\\\/logo\\\/image\\\/\"},\"sameAs\":[\"https:\\\/\\\/www.facebook.com\\\/bluebeamDACH\",\"https:\\\/\\\/x.com\\\/bluebeam\",\"https:\\\/\\\/www.instagram.com\\\/bluebeam_dach\\\/\",\"https:\\\/\\\/www.linkedin.com\\\/showcase\\\/bluebeam-dach\",\"https:\\\/\\\/youtube.com\\\/bluebeampdfrevu\"]}]}<\/script>\n<!-- \/ Yoast SEO plugin. -->","yoast_head_json":{"title":"About - Built | DE","description":"Built wird vom Redaktionsteam von Bluebeam geleitet. Das Unternehmen selbst hat seinen Sitz in Pasadena (Kalifornien) und entwickelt L\u00f6sungen f\u00fcr Projekteffizienz und Zusammenarbeit in der Bauindustrie.","robots":{"index":"index","follow":"follow","max-snippet":"max-snippet:-1","max-image-preview":"max-image-preview:large","max-video-preview":"max-video-preview:-1"},"canonical":"https:\/\/blog.bluebeam.com\/de\/about\/","og_locale":"de_DE","og_type":"article","og_title":"About - Built | DE","og_description":"Built wird vom Redaktionsteam von Bluebeam geleitet. Das Unternehmen selbst hat seinen Sitz in Pasadena (Kalifornien) und entwickelt L\u00f6sungen f\u00fcr Projekteffizienz und Zusammenarbeit in der Bauindustrie.","og_url":"https:\/\/blog.bluebeam.com\/de\/about\/","og_site_name":"Built | DE","article_publisher":"https:\/\/www.facebook.com\/bluebeamDACH","article_modified_time":"2023-08-14T18:52:54+00:00","og_image":[{"width":1920,"height":1080,"url":"https:\/\/blog.bluebeam.com\/de\/wp-content\/uploads\/sites\/6\/2020\/07\/featured-built.jpg","type":"image\/jpeg"}],"twitter_card":"summary_large_image","twitter_site":"@bluebeam","twitter_misc":{"Gesch\u00e4tzte Lesezeit":"1 Minute"},"schema":{"@context":"https:\/\/schema.org","@graph":[{"@type":"WebPage","@id":"https:\/\/blog.bluebeam.com\/de\/about\/","url":"https:\/\/blog.bluebeam.com\/de\/about\/","name":"About - Built | DE","isPartOf":{"@id":"https:\/\/blog.bluebeam.com\/de\/#website"},"primaryImageOfPage":{"@id":"https:\/\/blog.bluebeam.com\/de\/about\/#primaryimage"},"image":{"@id":"https:\/\/blog.bluebeam.com\/de\/about\/#primaryimage"},"thumbnailUrl":"https:\/\/blog.bluebeam.com\/de\/wp-content\/uploads\/sites\/6\/2020\/07\/featured-built.jpg","datePublished":"2020-08-11T00:02:23+00:00","dateModified":"2023-08-14T18:52:54+00:00","description":"Built wird vom Redaktionsteam von Bluebeam geleitet. Das Unternehmen selbst hat seinen Sitz in Pasadena (Kalifornien) und entwickelt L\u00f6sungen f\u00fcr Projekteffizienz und Zusammenarbeit in der Bauindustrie.","breadcrumb":{"@id":"https:\/\/blog.bluebeam.com\/de\/about\/#breadcrumb"},"inLanguage":"de-DE","potentialAction":[{"@type":"ReadAction","target":["https:\/\/blog.bluebeam.com\/de\/about\/"]}]},{"@type":"ImageObject","inLanguage":"de-DE","@id":"https:\/\/blog.bluebeam.com\/de\/about\/#primaryimage","url":"https:\/\/blog.bluebeam.com\/de\/wp-content\/uploads\/sites\/6\/2020\/07\/featured-built.jpg","contentUrl":"https:\/\/blog.bluebeam.com\/de\/wp-content\/uploads\/sites\/6\/2020\/07\/featured-built.jpg","width":1920,"height":1080},{"@type":"BreadcrumbList","@id":"https:\/\/blog.bluebeam.com\/de\/about\/#breadcrumb","itemListElement":[{"@type":"ListItem","position":1,"name":"Home","item":"https:\/\/blog.bluebeam.com\/de\/"},{"@type":"ListItem","position":2,"name":"About"}]},{"@type":"WebSite","@id":"https:\/\/blog.bluebeam.com\/de\/#website","url":"https:\/\/blog.bluebeam.com\/de\/","name":"Built | DE","description":"The Bluebeam Blog","publisher":{"@id":"https:\/\/blog.bluebeam.com\/de\/#organization"},"potentialAction":[{"@type":"SearchAction","target":{"@type":"EntryPoint","urlTemplate":"https:\/\/blog.bluebeam.com\/de\/?s={search_term_string}"},"query-input":{"@type":"PropertyValueSpecification","valueRequired":true,"valueName":"search_term_string"}}],"inLanguage":"de-DE"},{"@type":"Organization","@id":"https:\/\/blog.bluebeam.com\/de\/#organization","name":"Bluebeam Inc.","url":"https:\/\/blog.bluebeam.com\/de\/","logo":{"@type":"ImageObject","inLanguage":"de-DE","@id":"https:\/\/blog.bluebeam.com\/de\/#\/schema\/logo\/image\/","url":"https:\/\/blog.bluebeam.com\/de\/wp-content\/uploads\/sites\/6\/2020\/05\/bluebeam.png","contentUrl":"https:\/\/blog.bluebeam.com\/de\/wp-content\/uploads\/sites\/6\/2020\/05\/bluebeam.png","width":840,"height":630,"caption":"Bluebeam Inc."},"image":{"@id":"https:\/\/blog.bluebeam.com\/de\/#\/schema\/logo\/image\/"},"sameAs":["https:\/\/www.facebook.com\/bluebeamDACH","https:\/\/x.com\/bluebeam","https:\/\/www.instagram.com\/bluebeam_dach\/","https:\/\/www.linkedin.com\/showcase\/bluebeam-dach","https:\/\/youtube.com\/bluebeampdfrevu"]}]}},"featured_image_src":"https:\/\/blog.bluebeam.com\/de\/wp-content\/uploads\/sites\/6\/2020\/07\/featured-built-600x400.jpg","featured_image_src_square":"https:\/\/blog.bluebeam.com\/de\/wp-content\/uploads\/sites\/6\/2020\/07\/featured-built-600x600.jpg","_links":{"self":[{"href":"https:\/\/blog.bluebeam.com\/de\/wp-json\/wp\/v2\/pages\/76079","targetHints":{"allow":["GET"]}}],"collection":[{"href":"https:\/\/blog.bluebeam.com\/de\/wp-json\/wp\/v2\/pages"}],"about":[{"href":"https:\/\/blog.bluebeam.com\/de\/wp-json\/wp\/v2\/types\/page"}],"author":[{"embeddable":true,"href":"https:\/\/blog.bluebeam.com\/de\/wp-json\/wp\/v2\/users\/2"}],"replies":[{"embeddable":true,"href":"https:\/\/blog.bluebeam.com\/de\/wp-json\/wp\/v2\/comments?post=76079"}],"version-history":[{"count":0,"href":"https:\/\/blog.bluebeam.com\/de\/wp-json\/wp\/v2\/pages\/76079\/revisions"}],"wp:featuredmedia":[{"embeddable":true,"href":"https:\/\/blog.bluebeam.com\/de\/wp-json\/wp\/v2\/media\/75950"}],"wp:attachment":[{"href":"https:\/\/blog.bluebeam.com\/de\/wp-json\/wp\/v2\/media?parent=76079"}],"curies":[{"name":"wp","href":"https:\/\/api.w.org\/{rel}","templated":true}]}}