{"id":76079,"date":"2020-08-10T17:02:23","date_gmt":"2020-08-11T00:02:23","guid":{"rendered":"https:\/\/blog.bluebeam.com\/uk\/?page_id=76079"},"modified":"2023-08-14T20:43:52","modified_gmt":"2023-08-14T18:43:52","slug":"about","status":"publish","type":"page","link":"https:\/\/blog.bluebeam.com\/se\/about\/","title":{"rendered":"About"},"content":{"rendered":"\t\t<div data-elementor-type=\"wp-page\" data-elementor-id=\"76079\" class=\"elementor elementor-76079\" data-elementor-post-type=\"page\">\n\t\t\t\t\t\t<section class=\"elementor-section elementor-top-section elementor-element elementor-element-6ecdfd6 elementor-section-stretched elementor-section-height-min-height elementor-section-full_width elementor-section-height-default elementor-section-items-middle\" data-id=\"6ecdfd6\" data-element_type=\"section\" data-e-type=\"section\" data-settings=\"{&quot;stretch_section&quot;:&quot;section-stretched&quot;,&quot;background_background&quot;:&quot;classic&quot;}\">\n\t\t\t\t\t\t\t<div class=\"elementor-background-overlay\"><\/div>\n\t\t\t\t\t\t\t<div class=\"elementor-container elementor-column-gap-default\">\n\t\t\t\t\t<div class=\"elementor-column elementor-col-100 elementor-top-column elementor-element elementor-element-78baa5e\" data-id=\"78baa5e\" data-element_type=\"column\" data-e-type=\"column\">\n\t\t\t<div class=\"elementor-widget-wrap elementor-element-populated\">\n\t\t\t\t\t\t<div class=\"elementor-element elementor-element-de18c47 elementor-widget elementor-widget-heading\" data-id=\"de18c47\" data-element_type=\"widget\" data-e-type=\"widget\" data-widget_type=\"heading.default\">\n\t\t\t\t<div class=\"elementor-widget-container\">\n\t\t\t\t\t<h1 class=\"elementor-heading-title elementor-size-default\">Om Built<\/h1>\t\t\t\t<\/div>\n\t\t\t\t<\/div>\n\t\t\t\t<div class=\"elementor-element elementor-element-9ef8528 elementor-widget elementor-widget-heading\" data-id=\"9ef8528\" data-element_type=\"widget\" data-e-type=\"widget\" data-widget_type=\"heading.default\">\n\t\t\t\t<div class=\"elementor-widget-container\">\n\t\t\t\t\t<h3 class=\"elementor-heading-title elementor-size-default\">The Bluebeam Blog<\/h3>\t\t\t\t<\/div>\n\t\t\t\t<\/div>\n\t\t\t\t\t<\/div>\n\t\t<\/div>\n\t\t\t\t\t<\/div>\n\t\t<\/section>\n\t\t\t\t<section class=\"elementor-section elementor-top-section elementor-element elementor-element-1dcfa72 elementor-section-boxed elementor-section-height-default elementor-section-height-default\" data-id=\"1dcfa72\" data-element_type=\"section\" data-e-type=\"section\">\n\t\t\t\t\t\t<div class=\"elementor-container elementor-column-gap-default\">\n\t\t\t\t\t<div class=\"elementor-column elementor-col-33 elementor-top-column elementor-element elementor-element-6b8e86c elementor-hidden-tablet elementor-hidden-phone\" data-id=\"6b8e86c\" data-element_type=\"column\" data-e-type=\"column\">\n\t\t\t<div class=\"elementor-widget-wrap\">\n\t\t\t\t\t\t\t<\/div>\n\t\t<\/div>\n\t\t\t\t<div class=\"elementor-column elementor-col-33 elementor-top-column elementor-element elementor-element-324aa68\" data-id=\"324aa68\" data-element_type=\"column\" data-e-type=\"column\">\n\t\t\t<div class=\"elementor-widget-wrap elementor-element-populated\">\n\t\t\t\t\t\t<div class=\"elementor-element elementor-element-18c801c elementor-widget elementor-widget-text-editor\" data-id=\"18c801c\" data-element_type=\"widget\" data-e-type=\"widget\" data-widget_type=\"text-editor.default\">\n\t\t\t\t<div class=\"elementor-widget-container\">\n\t\t\t\t\t\t\t\t\t<p class=\"merriweather\">Built, the Bluebeam Blog, \u00e4r en ledande resurs f\u00f6r yrkesverksamma inom arkitekt-, ingenj\u00f6rs- och byggbranschen som s\u00f6ker inspiration och gemenskap. Bloggen leds av en grupp branschspecialister och skapas av Bluebeams team av redakt\u00f6rer, videofilmare, designers och frilansjournalister. Vi tar upp ber\u00e4ttelser om anm\u00e4rkningsv\u00e4rda personer, banbrytande processer och nya innovationer som st\u00e4ndigt formar branschen.<\/p>\n<p class=\"merriweather\">Built leds av redaktionsteamet p\u00e5 Bluebeam, ett f\u00f6retag i Pasadena, Kalifornien som utvecklar tekniska l\u00f6sningar f\u00f6r samarbete och effektiva arbetsfl\u00f6den inom design- och byggbranschen.<\/p>\t\t\t\t\t\t\t\t<\/div>\n\t\t\t\t<\/div>\n\t\t\t\t\t<\/div>\n\t\t<\/div>\n\t\t\t\t<div class=\"elementor-column elementor-col-33 elementor-top-column elementor-element elementor-element-95ef96d\" data-id=\"95ef96d\" data-element_type=\"column\" data-e-type=\"column\">\n\t\t\t<div class=\"elementor-widget-wrap\">\n\t\t\t\t\t\t\t<\/div>\n\t\t<\/div>\n\t\t\t\t\t<\/div>\n\t\t<\/section>\n\t\t\t\t<section class=\"elementor-section elementor-top-section elementor-element elementor-element-86b8556 elementor-section-stretched elementor-section-height-min-height elementor-section-items-stretch elementor-section-boxed elementor-section-height-default\" data-id=\"86b8556\" data-element_type=\"section\" data-e-type=\"section\" data-settings=\"{&quot;stretch_section&quot;:&quot;section-stretched&quot;,&quot;background_background&quot;:&quot;gradient&quot;}\">\n\t\t\t\t\t\t<div class=\"elementor-container elementor-column-gap-default\">\n\t\t\t\t\t<div class=\"elementor-column elementor-col-100 elementor-top-column elementor-element elementor-element-0d32b45\" data-id=\"0d32b45\" data-element_type=\"column\" data-e-type=\"column\">\n\t\t\t<div class=\"elementor-widget-wrap elementor-element-populated\">\n\t\t\t\t\t\t<div class=\"elementor-element elementor-element-9673e98 elementor-widget elementor-widget-heading\" data-id=\"9673e98\" data-element_type=\"widget\" data-e-type=\"widget\" data-widget_type=\"heading.default\">\n\t\t\t\t<div class=\"elementor-widget-container\">\n\t\t\t\t\t<h2 class=\"elementor-heading-title elementor-size-default\">Prenumerera p\u00e5 Bluebeam Insider<\/h2>\t\t\t\t<\/div>\n\t\t\t\t<\/div>\n\t\t\t\t<div class=\"elementor-element elementor-element-3e3b3d2 elementor-widget elementor-widget-text-editor\" data-id=\"3e3b3d2\" data-element_type=\"widget\" data-e-type=\"widget\" data-widget_type=\"text-editor.default\">\n\t\t\t\t<div class=\"elementor-widget-container\">\n\t\t\t\t\t\t\t\t\t<p style=\"text-align: center\">En g\u00e5ng i m\u00e5naden f\u00e5r du Bluebeam Insider med blogginneh\u00e5ll, produktuppdateringar, anv\u00e4ndartips, webbinarier och mycket mer.<\/p>\t\t\t\t\t\t\t\t<\/div>\n\t\t\t\t<\/div>\n\t\t\t\t<section class=\"elementor-section elementor-inner-section elementor-element elementor-element-8b09c84 elementor-section-boxed elementor-section-height-default elementor-section-height-default\" data-id=\"8b09c84\" data-element_type=\"section\" data-e-type=\"section\">\n\t\t\t\t\t\t<div class=\"elementor-container elementor-column-gap-default\">\n\t\t\t\t\t<div class=\"elementor-column elementor-col-100 elementor-inner-column elementor-element elementor-element-3ed82b1\" data-id=\"3ed82b1\" data-element_type=\"column\" data-e-type=\"column\">\n\t\t\t<div class=\"elementor-widget-wrap elementor-element-populated\">\n\t\t\t\t\t\t<div class=\"elementor-element elementor-element-191d1d5 elementor-widget elementor-widget-html\" data-id=\"191d1d5\" data-element_type=\"widget\" data-e-type=\"widget\" data-widget_type=\"html.default\">\n\t\t\t\t<div class=\"elementor-widget-container\">\n\t\t\t\t\t<iframe style=\"border: 0; height: 370px;\" src=\"https:\/\/go.bluebeam.com\/l\/514001\/2023-04-13\/gfkhst\" width=\"100%\" height=\"370\" frameborder=\"0\"><\/iframe>\t\t\t\t<\/div>\n\t\t\t\t<\/div>\n\t\t\t\t\t<\/div>\n\t\t<\/div>\n\t\t\t\t\t<\/div>\n\t\t<\/section>\n\t\t\t\t\t<\/div>\n\t\t<\/div>\n\t\t\t\t\t<\/div>\n\t\t<\/section>\n\t\t\t\t<\/div>\n\t\t","protected":false},"excerpt":{"rendered":"<p>Om Built The Bluebeam Blog Built, the Bluebeam Blog, \u00e4r en ledande resurs f\u00f6r yrkesverksamma inom arkitekt-, ingenj\u00f6rs- och byggbranschen som s\u00f6ker inspiration och gemenskap. Bloggen leds av en grupp branschspecialister och skapas av Bluebeams team av redakt\u00f6rer, videofilmare, designers och frilansjournalister. Vi tar upp ber\u00e4ttelser om anm\u00e4rkningsv\u00e4rda personer, banbrytande processer och nya innovationer som&hellip;<\/p>\n","protected":false},"author":2,"featured_media":75950,"parent":0,"menu_order":-5,"comment_status":"closed","ping_status":"closed","template":"","meta":{"footnotes":""},"class_list":["post-76079","page","type-page","status-publish","has-post-thumbnail","hentry"],"yoast_head":"<!-- This site is optimized with the Yoast SEO plugin v27.4 - https:\/\/yoast.com\/product\/yoast-seo-wordpress\/ -->\n<title>About Built SE | The Bluebeam Blog<\/title>\n<meta name=\"description\" content=\"Built leds av redaktionsteamet p\u00e5 Bluebeam, ett f\u00f6retag i Pasadena, Kalifornien som utvecklar tekniska l\u00f6sningar f\u00f6r samarbete och effektiva arbetsfl\u00f6den inom design- och byggbranschen.\" \/>\n<meta name=\"robots\" content=\"index, follow, max-snippet:-1, max-image-preview:large, max-video-preview:-1\" \/>\n<link rel=\"canonical\" href=\"https:\/\/blog.bluebeam.com\/se\/about\/\" \/>\n<meta property=\"og:locale\" content=\"sv_SE\" \/>\n<meta property=\"og:type\" content=\"article\" \/>\n<meta property=\"og:title\" content=\"About Built SE | The Bluebeam Blog\" \/>\n<meta property=\"og:description\" content=\"Built leds av redaktionsteamet p\u00e5 Bluebeam, ett f\u00f6retag i Pasadena, Kalifornien som utvecklar tekniska l\u00f6sningar f\u00f6r samarbete och effektiva arbetsfl\u00f6den inom design- och byggbranschen.\" \/>\n<meta property=\"og:url\" content=\"https:\/\/blog.bluebeam.com\/se\/about\/\" \/>\n<meta property=\"og:site_name\" content=\"Built | SE\" \/>\n<meta property=\"article:publisher\" content=\"https:\/\/www.facebook.com\/bluebeamSE\" \/>\n<meta property=\"article:modified_time\" content=\"2023-08-14T18:43:52+00:00\" \/>\n<meta property=\"og:image\" content=\"https:\/\/blog.bluebeam.com\/se\/wp-content\/uploads\/sites\/4\/2020\/07\/featured-built.jpg\" \/>\n\t<meta property=\"og:image:width\" content=\"1920\" \/>\n\t<meta property=\"og:image:height\" content=\"1080\" \/>\n\t<meta property=\"og:image:type\" content=\"image\/jpeg\" \/>\n<meta name=\"twitter:card\" content=\"summary_large_image\" \/>\n<meta name=\"twitter:site\" content=\"@bluebeam\" \/>\n<meta name=\"twitter:label1\" content=\"Ber\u00e4knad l\u00e4stid\" \/>\n\t<meta name=\"twitter:data1\" content=\"1 minut\" \/>\n<script type=\"application\/ld+json\" class=\"yoast-schema-graph\">{\"@context\":\"https:\\\/\\\/schema.org\",\"@graph\":[{\"@type\":\"WebPage\",\"@id\":\"https:\\\/\\\/blog.bluebeam.com\\\/se\\\/about\\\/\",\"url\":\"https:\\\/\\\/blog.bluebeam.com\\\/se\\\/about\\\/\",\"name\":\"About Built SE | The Bluebeam Blog\",\"isPartOf\":{\"@id\":\"https:\\\/\\\/blog.bluebeam.com\\\/se\\\/#website\"},\"primaryImageOfPage\":{\"@id\":\"https:\\\/\\\/blog.bluebeam.com\\\/se\\\/about\\\/#primaryimage\"},\"image\":{\"@id\":\"https:\\\/\\\/blog.bluebeam.com\\\/se\\\/about\\\/#primaryimage\"},\"thumbnailUrl\":\"https:\\\/\\\/blog.bluebeam.com\\\/se\\\/wp-content\\\/uploads\\\/sites\\\/4\\\/2020\\\/07\\\/featured-built.jpg\",\"datePublished\":\"2020-08-11T00:02:23+00:00\",\"dateModified\":\"2023-08-14T18:43:52+00:00\",\"description\":\"Built leds av redaktionsteamet p\u00e5 Bluebeam, ett f\u00f6retag i Pasadena, Kalifornien som utvecklar tekniska l\u00f6sningar f\u00f6r samarbete och effektiva arbetsfl\u00f6den inom design- och byggbranschen.\",\"breadcrumb\":{\"@id\":\"https:\\\/\\\/blog.bluebeam.com\\\/se\\\/about\\\/#breadcrumb\"},\"inLanguage\":\"sv-SE\",\"potentialAction\":[{\"@type\":\"ReadAction\",\"target\":[\"https:\\\/\\\/blog.bluebeam.com\\\/se\\\/about\\\/\"]}]},{\"@type\":\"ImageObject\",\"inLanguage\":\"sv-SE\",\"@id\":\"https:\\\/\\\/blog.bluebeam.com\\\/se\\\/about\\\/#primaryimage\",\"url\":\"https:\\\/\\\/blog.bluebeam.com\\\/se\\\/wp-content\\\/uploads\\\/sites\\\/4\\\/2020\\\/07\\\/featured-built.jpg\",\"contentUrl\":\"https:\\\/\\\/blog.bluebeam.com\\\/se\\\/wp-content\\\/uploads\\\/sites\\\/4\\\/2020\\\/07\\\/featured-built.jpg\",\"width\":1920,\"height\":1080},{\"@type\":\"BreadcrumbList\",\"@id\":\"https:\\\/\\\/blog.bluebeam.com\\\/se\\\/about\\\/#breadcrumb\",\"itemListElement\":[{\"@type\":\"ListItem\",\"position\":1,\"name\":\"Home\",\"item\":\"https:\\\/\\\/blog.bluebeam.com\\\/se\\\/\"},{\"@type\":\"ListItem\",\"position\":2,\"name\":\"About\"}]},{\"@type\":\"WebSite\",\"@id\":\"https:\\\/\\\/blog.bluebeam.com\\\/se\\\/#website\",\"url\":\"https:\\\/\\\/blog.bluebeam.com\\\/se\\\/\",\"name\":\"Built | SE\",\"description\":\"The Bluebeam Blog\",\"publisher\":{\"@id\":\"https:\\\/\\\/blog.bluebeam.com\\\/se\\\/#organization\"},\"potentialAction\":[{\"@type\":\"SearchAction\",\"target\":{\"@type\":\"EntryPoint\",\"urlTemplate\":\"https:\\\/\\\/blog.bluebeam.com\\\/se\\\/?s={search_term_string}\"},\"query-input\":{\"@type\":\"PropertyValueSpecification\",\"valueRequired\":true,\"valueName\":\"search_term_string\"}}],\"inLanguage\":\"sv-SE\"},{\"@type\":\"Organization\",\"@id\":\"https:\\\/\\\/blog.bluebeam.com\\\/se\\\/#organization\",\"name\":\"Bluebeam Inc.\",\"url\":\"https:\\\/\\\/blog.bluebeam.com\\\/se\\\/\",\"logo\":{\"@type\":\"ImageObject\",\"inLanguage\":\"sv-SE\",\"@id\":\"https:\\\/\\\/blog.bluebeam.com\\\/se\\\/#\\\/schema\\\/logo\\\/image\\\/\",\"url\":\"https:\\\/\\\/blog.bluebeam.com\\\/se\\\/wp-content\\\/uploads\\\/sites\\\/4\\\/2020\\\/05\\\/bluebeam.png\",\"contentUrl\":\"https:\\\/\\\/blog.bluebeam.com\\\/se\\\/wp-content\\\/uploads\\\/sites\\\/4\\\/2020\\\/05\\\/bluebeam.png\",\"width\":840,\"height\":630,\"caption\":\"Bluebeam Inc.\"},\"image\":{\"@id\":\"https:\\\/\\\/blog.bluebeam.com\\\/se\\\/#\\\/schema\\\/logo\\\/image\\\/\"},\"sameAs\":[\"https:\\\/\\\/www.facebook.com\\\/bluebeamSE\",\"https:\\\/\\\/x.com\\\/bluebeam\",\"https:\\\/\\\/www.instagram.com\\\/bluebeam_nordics\\\/\",\"https:\\\/\\\/www.linkedin.com\\\/showcase\\\/bluebeam-sweden\",\"https:\\\/\\\/youtube.com\\\/bluebeampdfrevu\"]}]}<\/script>\n<!-- \/ Yoast SEO plugin. -->","yoast_head_json":{"title":"About Built SE | The Bluebeam Blog","description":"Built leds av redaktionsteamet p\u00e5 Bluebeam, ett f\u00f6retag i Pasadena, Kalifornien som utvecklar tekniska l\u00f6sningar f\u00f6r samarbete och effektiva arbetsfl\u00f6den inom design- och byggbranschen.","robots":{"index":"index","follow":"follow","max-snippet":"max-snippet:-1","max-image-preview":"max-image-preview:large","max-video-preview":"max-video-preview:-1"},"canonical":"https:\/\/blog.bluebeam.com\/se\/about\/","og_locale":"sv_SE","og_type":"article","og_title":"About Built SE | The Bluebeam Blog","og_description":"Built leds av redaktionsteamet p\u00e5 Bluebeam, ett f\u00f6retag i Pasadena, Kalifornien som utvecklar tekniska l\u00f6sningar f\u00f6r samarbete och effektiva arbetsfl\u00f6den inom design- och byggbranschen.","og_url":"https:\/\/blog.bluebeam.com\/se\/about\/","og_site_name":"Built | SE","article_publisher":"https:\/\/www.facebook.com\/bluebeamSE","article_modified_time":"2023-08-14T18:43:52+00:00","og_image":[{"width":1920,"height":1080,"url":"https:\/\/blog.bluebeam.com\/se\/wp-content\/uploads\/sites\/4\/2020\/07\/featured-built.jpg","type":"image\/jpeg"}],"twitter_card":"summary_large_image","twitter_site":"@bluebeam","twitter_misc":{"Ber\u00e4knad l\u00e4stid":"1 minut"},"schema":{"@context":"https:\/\/schema.org","@graph":[{"@type":"WebPage","@id":"https:\/\/blog.bluebeam.com\/se\/about\/","url":"https:\/\/blog.bluebeam.com\/se\/about\/","name":"About Built SE | The Bluebeam Blog","isPartOf":{"@id":"https:\/\/blog.bluebeam.com\/se\/#website"},"primaryImageOfPage":{"@id":"https:\/\/blog.bluebeam.com\/se\/about\/#primaryimage"},"image":{"@id":"https:\/\/blog.bluebeam.com\/se\/about\/#primaryimage"},"thumbnailUrl":"https:\/\/blog.bluebeam.com\/se\/wp-content\/uploads\/sites\/4\/2020\/07\/featured-built.jpg","datePublished":"2020-08-11T00:02:23+00:00","dateModified":"2023-08-14T18:43:52+00:00","description":"Built leds av redaktionsteamet p\u00e5 Bluebeam, ett f\u00f6retag i Pasadena, Kalifornien som utvecklar tekniska l\u00f6sningar f\u00f6r samarbete och effektiva arbetsfl\u00f6den inom design- och byggbranschen.","breadcrumb":{"@id":"https:\/\/blog.bluebeam.com\/se\/about\/#breadcrumb"},"inLanguage":"sv-SE","potentialAction":[{"@type":"ReadAction","target":["https:\/\/blog.bluebeam.com\/se\/about\/"]}]},{"@type":"ImageObject","inLanguage":"sv-SE","@id":"https:\/\/blog.bluebeam.com\/se\/about\/#primaryimage","url":"https:\/\/blog.bluebeam.com\/se\/wp-content\/uploads\/sites\/4\/2020\/07\/featured-built.jpg","contentUrl":"https:\/\/blog.bluebeam.com\/se\/wp-content\/uploads\/sites\/4\/2020\/07\/featured-built.jpg","width":1920,"height":1080},{"@type":"BreadcrumbList","@id":"https:\/\/blog.bluebeam.com\/se\/about\/#breadcrumb","itemListElement":[{"@type":"ListItem","position":1,"name":"Home","item":"https:\/\/blog.bluebeam.com\/se\/"},{"@type":"ListItem","position":2,"name":"About"}]},{"@type":"WebSite","@id":"https:\/\/blog.bluebeam.com\/se\/#website","url":"https:\/\/blog.bluebeam.com\/se\/","name":"Built | SE","description":"The Bluebeam Blog","publisher":{"@id":"https:\/\/blog.bluebeam.com\/se\/#organization"},"potentialAction":[{"@type":"SearchAction","target":{"@type":"EntryPoint","urlTemplate":"https:\/\/blog.bluebeam.com\/se\/?s={search_term_string}"},"query-input":{"@type":"PropertyValueSpecification","valueRequired":true,"valueName":"search_term_string"}}],"inLanguage":"sv-SE"},{"@type":"Organization","@id":"https:\/\/blog.bluebeam.com\/se\/#organization","name":"Bluebeam Inc.","url":"https:\/\/blog.bluebeam.com\/se\/","logo":{"@type":"ImageObject","inLanguage":"sv-SE","@id":"https:\/\/blog.bluebeam.com\/se\/#\/schema\/logo\/image\/","url":"https:\/\/blog.bluebeam.com\/se\/wp-content\/uploads\/sites\/4\/2020\/05\/bluebeam.png","contentUrl":"https:\/\/blog.bluebeam.com\/se\/wp-content\/uploads\/sites\/4\/2020\/05\/bluebeam.png","width":840,"height":630,"caption":"Bluebeam Inc."},"image":{"@id":"https:\/\/blog.bluebeam.com\/se\/#\/schema\/logo\/image\/"},"sameAs":["https:\/\/www.facebook.com\/bluebeamSE","https:\/\/x.com\/bluebeam","https:\/\/www.instagram.com\/bluebeam_nordics\/","https:\/\/www.linkedin.com\/showcase\/bluebeam-sweden","https:\/\/youtube.com\/bluebeampdfrevu"]}]}},"featured_image_src":"https:\/\/blog.bluebeam.com\/se\/wp-content\/uploads\/sites\/4\/2020\/07\/featured-built-600x400.jpg","featured_image_src_square":"https:\/\/blog.bluebeam.com\/se\/wp-content\/uploads\/sites\/4\/2020\/07\/featured-built-600x600.jpg","_links":{"self":[{"href":"https:\/\/blog.bluebeam.com\/se\/wp-json\/wp\/v2\/pages\/76079","targetHints":{"allow":["GET"]}}],"collection":[{"href":"https:\/\/blog.bluebeam.com\/se\/wp-json\/wp\/v2\/pages"}],"about":[{"href":"https:\/\/blog.bluebeam.com\/se\/wp-json\/wp\/v2\/types\/page"}],"author":[{"embeddable":true,"href":"https:\/\/blog.bluebeam.com\/se\/wp-json\/wp\/v2\/users\/2"}],"replies":[{"embeddable":true,"href":"https:\/\/blog.bluebeam.com\/se\/wp-json\/wp\/v2\/comments?post=76079"}],"version-history":[{"count":0,"href":"https:\/\/blog.bluebeam.com\/se\/wp-json\/wp\/v2\/pages\/76079\/revisions"}],"wp:featuredmedia":[{"embeddable":true,"href":"https:\/\/blog.bluebeam.com\/se\/wp-json\/wp\/v2\/media\/75950"}],"wp:attachment":[{"href":"https:\/\/blog.bluebeam.com\/se\/wp-json\/wp\/v2\/media?parent=76079"}],"curies":[{"name":"wp","href":"https:\/\/api.w.org\/{rel}","templated":true}]}}